{"id":2432,"date":"2024-12-05T22:23:21","date_gmt":"2024-12-05T22:23:21","guid":{"rendered":"https:\/\/ombael.com\/?page_id=2432"},"modified":"2024-12-05T23:05:36","modified_gmt":"2024-12-05T23:05:36","slug":"mentions-legales","status":"publish","type":"page","link":"https:\/\/ombael.com\/en\/mentions-legales\/","title":{"rendered":"Mentions l\u00e9gales"},"content":{"rendered":"<div data-elementor-type=\"wp-page\" data-elementor-id=\"2432\" class=\"elementor elementor-2432\" data-elementor-post-type=\"page\">\n\t\t\t\t<div class=\"elementor-element elementor-element-255cab8 e-flex e-con-boxed e-con e-parent\" data-id=\"255cab8\" data-element_type=\"container\" data-e-type=\"container\" data-settings=\"{&quot;ekit_has_onepagescroll_dot&quot;:&quot;yes&quot;}\">\n\t\t\t\t\t<div class=\"e-con-inner\">\n\t\t<div class=\"elementor-element elementor-element-04649ce e-con-full e-flex e-con e-child\" data-id=\"04649ce\" data-element_type=\"container\" data-e-type=\"container\" data-settings=\"{&quot;ekit_has_onepagescroll_dot&quot;:&quot;yes&quot;}\">\n\t\t\t\t<div class=\"elementor-element elementor-element-ecca576 elementor-widget elementor-widget-text-editor\" data-id=\"ecca576\" data-element_type=\"widget\" data-e-type=\"widget\" data-settings=\"{&quot;ekit_we_effect_on&quot;:&quot;none&quot;}\" data-widget_type=\"text-editor.default\">\n\t\t\t\t<div class=\"elementor-widget-container\">\n\t\t\t\t\t\t\t\t\t<h3><strong><u>Mentions l\u00e9gales<\/u><\/strong><\/h3><p><strong><br \/>Nom de l\u2019\u00e9tablissement :<\/strong> L&rsquo;Ombael<br \/><strong>Adresse :<\/strong> Jbeil &#8211; Quartier St. GeorgesJbeil<br \/><strong>Num\u00e9ro de t\u00e9l\u00e9phone :<\/strong>\u00a0+961 03 833 198<br \/><strong>Adresse e-mail :<\/strong>\u00a0ombaeljbeil@outlook.com<br \/><strong>Num\u00e9ro d\u2019enregistrement :\u00a0<\/strong>contactez-nous par email.<br \/><span style=\"text-align: var(--text-align); background-color: var(--white);\"><span style=\"color: #114785;\"><span style=\"font-size: 16px;\"><br \/><\/span><\/span><b style=\"color: var( --e-global-color-72857b6 ); font-size: 20px; text-transform: capitalize;\">Responsable de la publication<\/b><\/span><\/p><p>La directrice\/responsable l\u00e9gale de la garderie <strong>L&rsquo;Ombael<\/strong> est Mme Ibtissam Mrad.<\/p><h4><strong>H\u00e9bergement du site<\/strong><\/h4><p>Le site est h\u00e9berg\u00e9 par :<br \/><strong>Nom de l\u2019h\u00e9bergeur :<\/strong>\u00a0Bluehost \/ Ecwander<br \/><strong>Adresse de l\u2019h\u00e9bergeur :<\/strong>\u00a0Liban<br \/><strong>Contact :<\/strong>\u00a0+961 76 314 407<\/p><h4><strong>Propri\u00e9t\u00e9 intellectuelle<\/strong><\/h4><p>Tous les contenus pr\u00e9sents sur ce site (textes, images, graphismes, logos, etc.) sont la propri\u00e9t\u00e9 exclusive de la garderie <strong>L&rsquo;Ombael<\/strong>, sauf mention contraire. Toute reproduction, modification, distribution ou utilisation des contenus sans autorisation \u00e9crite est strictement interdite.<\/p><h4><strong>Protection des donn\u00e9es personnelles<\/strong><\/h4><p>Conform\u00e9ment aux lois libanaises sur la protection des donn\u00e9es personnelles, les informations collect\u00e9es via ce site (formulaires d&rsquo;inscription, demandes d\u2019information, etc.) sont strictement confidentielles. Elles ne sont utilis\u00e9es que dans le cadre des activit\u00e9s de la garderie et ne sont jamais transmises \u00e0 des tiers sans consentement pr\u00e9alable.<\/p><p>Vous avez un droit d\u2019acc\u00e8s, de modification ou de suppression de vos donn\u00e9es personnelles. Pour exercer ce droit, veuillez nous contacter par e-mail.<\/p><h4><strong>Responsabilit\u00e9<\/strong><\/h4><p>La garderie <strong>L&rsquo;Ombael<\/strong> s\u2019efforce de fournir des informations exactes et \u00e0 jour sur ce site. Cependant, elle d\u00e9cline toute responsabilit\u00e9 en cas d\u2019erreurs, d\u2019omissions ou de probl\u00e8mes techniques pouvant survenir.<\/p><h4><strong>Modification des mentions l\u00e9gales<\/strong><\/h4><p>Les pr\u00e9sentes mentions l\u00e9gales peuvent \u00eatre modifi\u00e9es \u00e0 tout moment pour respecter les \u00e9volutions l\u00e9gales ou les besoins de la garderie.<\/p>\t\t\t\t\t\t\t\t<\/div>\n\t\t\t\t<\/div>\n\t\t\t\t<\/div>\n\t\t\t\t\t<\/div>\n\t\t\t\t<\/div>\n\t\t\t\t<\/div>","protected":false},"excerpt":{"rendered":"<p>Mentions l\u00e9gales Nom de l\u2019\u00e9tablissement : L&rsquo;OmbaelAdresse : Jbeil &#8211; Quartier St. GeorgesJbeilNum\u00e9ro de t\u00e9l\u00e9phone :\u00a0+961 03 833 198Adresse e-mail :\u00a0ombaeljbeil@outlook.comNum\u00e9ro d\u2019enregistrement :\u00a0contactez-nous par email. Responsable de la publication La directrice\/responsable l\u00e9gale de la garderie L&rsquo;Ombael est Mme Ibtissam Mrad. H\u00e9bergement du site Le site est h\u00e9berg\u00e9 par :Nom de l\u2019h\u00e9bergeur :\u00a0Bluehost \/ EcwanderAdresse de<\/p>","protected":false},"author":1,"featured_media":0,"parent":0,"menu_order":0,"comment_status":"closed","ping_status":"closed","template":"elementor_header_footer","meta":{"om_disable_all_campaigns":false,"inline_featured_image":false,"footnotes":""},"class_list":["post-2432","page","type-page","status-publish","hentry"],"jetpack_sharing_enabled":true,"_links":{"self":[{"href":"https:\/\/ombael.com\/en\/wp-json\/wp\/v2\/pages\/2432","targetHints":{"allow":["GET"]}}],"collection":[{"href":"https:\/\/ombael.com\/en\/wp-json\/wp\/v2\/pages"}],"about":[{"href":"https:\/\/ombael.com\/en\/wp-json\/wp\/v2\/types\/page"}],"author":[{"embeddable":true,"href":"https:\/\/ombael.com\/en\/wp-json\/wp\/v2\/users\/1"}],"replies":[{"embeddable":true,"href":"https:\/\/ombael.com\/en\/wp-json\/wp\/v2\/comments?post=2432"}],"version-history":[{"count":16,"href":"https:\/\/ombael.com\/en\/wp-json\/wp\/v2\/pages\/2432\/revisions"}],"predecessor-version":[{"id":2458,"href":"https:\/\/ombael.com\/en\/wp-json\/wp\/v2\/pages\/2432\/revisions\/2458"}],"wp:attachment":[{"href":"https:\/\/ombael.com\/en\/wp-json\/wp\/v2\/media?parent=2432"}],"curies":[{"name":"wp","href":"https:\/\/api.w.org\/{rel}","templated":true}]}}